{"id":1016,"date":"2023-09-24T17:08:38","date_gmt":"2023-09-24T15:08:38","guid":{"rendered":"https:\/\/home-of-beauty-baden-baden.de\/?page_id=1016"},"modified":"2023-10-29T11:56:48","modified_gmt":"2023-10-29T10:56:48","slug":"faltenbehandlungen","status":"publish","type":"page","link":"https:\/\/home-of-beauty-baden-baden.de\/index.php\/behandlungen\/faltenbehandlungen\/","title":{"rendered":"Faltenbehandlungen"},"content":{"rendered":"\t\t<div data-elementor-type=\"wp-page\" data-elementor-id=\"1016\" class=\"elementor elementor-1016\">\n\t\t\t\t\t\t<section class=\"elementor-section elementor-top-section elementor-element elementor-element-3341bf0f elementor-section-boxed elementor-section-height-default elementor-section-height-default\" data-id=\"3341bf0f\" data-element_type=\"section\" data-e-type=\"section\">\n\t\t\t\t\t\t<div class=\"elementor-container elementor-column-gap-default\">\n\t\t\t\t\t<div class=\"elementor-column elementor-col-100 elementor-top-column elementor-element elementor-element-1d0bc24e\" data-id=\"1d0bc24e\" data-element_type=\"column\" data-e-type=\"column\">\n\t\t\t<div class=\"elementor-widget-wrap elementor-element-populated\">\n\t\t\t\t\t\t<div class=\"elementor-element elementor-element-4bbce6c2 elementor-widget elementor-widget-heading\" data-id=\"4bbce6c2\" data-element_type=\"widget\" data-e-type=\"widget\" data-widget_type=\"heading.default\">\n\t\t\t\t<div class=\"elementor-widget-container\">\n\t\t\t\t\t<h1 class=\"elementor-heading-title elementor-size-default\">Unser Portfolio gegen Falten<br><\/h1>\t\t\t\t<\/div>\n\t\t\t\t<\/div>\n\t\t\t\t<section class=\"elementor-section elementor-inner-section elementor-element elementor-element-c8c98e9 elementor-section-boxed elementor-section-height-default elementor-section-height-default\" data-id=\"c8c98e9\" data-element_type=\"section\" data-e-type=\"section\">\n\t\t\t\t\t\t<div class=\"elementor-container elementor-column-gap-default\">\n\t\t\t\t\t<div class=\"elementor-column elementor-col-50 elementor-inner-column elementor-element elementor-element-d9df479\" data-id=\"d9df479\" data-element_type=\"column\" data-e-type=\"column\">\n\t\t\t<div class=\"elementor-widget-wrap elementor-element-populated\">\n\t\t\t\t\t\t\t<\/div>\n\t\t<\/div>\n\t\t\t\t<div class=\"elementor-column elementor-col-50 elementor-inner-column elementor-element elementor-element-1a559fab\" data-id=\"1a559fab\" data-element_type=\"column\" data-e-type=\"column\">\n\t\t\t<div class=\"elementor-widget-wrap elementor-element-populated\">\n\t\t\t\t\t\t<div class=\"elementor-element elementor-element-59765246 elementor-widget elementor-widget-text-editor\" data-id=\"59765246\" data-element_type=\"widget\" data-e-type=\"widget\" data-widget_type=\"text-editor.default\">\n\t\t\t\t<div class=\"elementor-widget-container\">\n\t\t\t\t\t\t\t\t\t<ul><li>Intraskin Infusion<\/li><li>Microneedling &amp; Plasma Pen<\/li><\/ul>\t\t\t\t\t\t\t\t<\/div>\n\t\t\t\t<\/div>\n\t\t\t\t\t<\/div>\n\t\t<\/div>\n\t\t\t\t\t<\/div>\n\t\t<\/section>\n\t\t\t\t\t<\/div>\n\t\t<\/div>\n\t\t\t\t\t<\/div>\n\t\t<\/section>\n\t\t\t\t<section class=\"elementor-section elementor-top-section elementor-element elementor-element-b7730d4 elementor-section-boxed elementor-section-height-default elementor-section-height-default\" data-id=\"b7730d4\" data-element_type=\"section\" data-e-type=\"section\">\n\t\t\t\t\t\t<div class=\"elementor-container elementor-column-gap-default\">\n\t\t\t\t\t<div class=\"elementor-column elementor-col-100 elementor-top-column elementor-element elementor-element-4c8790a6\" data-id=\"4c8790a6\" data-element_type=\"column\" data-e-type=\"column\">\n\t\t\t<div class=\"elementor-widget-wrap elementor-element-populated\">\n\t\t\t\t\t\t<div class=\"elementor-element elementor-element-4ae299e9 elementor-widget elementor-widget-text-editor\" data-id=\"4ae299e9\" data-element_type=\"widget\" data-e-type=\"widget\" data-widget_type=\"text-editor.default\">\n\t\t\t\t<div class=\"elementor-widget-container\">\n\t\t\t\t\t\t\t\t\t<p><span>Das Kosmetikatelier Home of Beauty hat sich auf Behandlungen rund um das Gesicht spezialisiert.\u00a0<\/span>Nehmen Sie sich eine Auszeit und lassen Sie sich bei uns verw\u00f6hnen!<\/p>\t\t\t\t\t\t\t\t<\/div>\n\t\t\t\t<\/div>\n\t\t\t\t\t<\/div>\n\t\t<\/div>\n\t\t\t\t\t<\/div>\n\t\t<\/section>\n\t\t\t\t<section class=\"elementor-section elementor-top-section elementor-element elementor-element-46fdcf04 elementor-section-boxed elementor-section-height-default elementor-section-height-default\" data-id=\"46fdcf04\" data-element_type=\"section\" data-e-type=\"section\">\n\t\t\t\t\t\t<div class=\"elementor-container elementor-column-gap-default\">\n\t\t\t\t\t<div class=\"elementor-column elementor-col-100 elementor-top-column elementor-element elementor-element-f81207\" data-id=\"f81207\" data-element_type=\"column\" data-e-type=\"column\">\n\t\t\t<div class=\"elementor-widget-wrap\">\n\t\t\t\t\t\t\t<\/div>\n\t\t<\/div>\n\t\t\t\t\t<\/div>\n\t\t<\/section>\n\t\t\t\t<section class=\"elementor-section elementor-top-section elementor-element elementor-element-7f2b333 elementor-section-boxed elementor-section-height-default elementor-section-height-default\" data-id=\"7f2b333\" data-element_type=\"section\" data-e-type=\"section\" id=\"sec gesichtsbehandlung\">\n\t\t\t\t\t\t<div class=\"elementor-container elementor-column-gap-default\">\n\t\t\t\t\t<div class=\"elementor-column elementor-col-100 elementor-top-column elementor-element elementor-element-1b64444\" data-id=\"1b64444\" data-element_type=\"column\" data-e-type=\"column\">\n\t\t\t<div class=\"elementor-widget-wrap elementor-element-populated\">\n\t\t\t\t\t\t<div class=\"elementor-element elementor-element-eb37513 elementor-widget elementor-widget-menu-anchor\" data-id=\"eb37513\" data-element_type=\"widget\" data-e-type=\"widget\" data-widget_type=\"menu-anchor.default\">\n\t\t\t\t<div class=\"elementor-widget-container\">\n\t\t\t\t\t\t\t<div class=\"elementor-menu-anchor\" id=\"Faltenbehandlung\"><\/div>\n\t\t\t\t\t\t<\/div>\n\t\t\t\t<\/div>\n\t\t\t\t<div class=\"elementor-element elementor-element-c977b35 elementor-widget elementor-widget-text-editor\" data-id=\"c977b35\" data-element_type=\"widget\" data-e-type=\"widget\" data-widget_type=\"text-editor.default\">\n\t\t\t\t<div class=\"elementor-widget-container\">\n\t\t\t\t\t\t\t\t\t<div><h4><span style=\"color: var( --e-global-color-text );\"><b>Intra Skin Infusion &#8211;\u00a0<\/b><\/span><b>Falten f\u00fcllen in Minuten<\/b><\/h4><p><span style=\"color: var( --e-global-color-text ); font-weight: var( --e-global-typography-text-font-weight ); font-size: 1rem; font-family: Oxygen, sans-serif;\">Mit Intra Skin Infusion werden computergest\u00fctzt, mittels sanfter Stromimpulse, gro\u00dfe Wirkstoffmengen durch die Zellstruktur in die tieferen Hautregionen transportiert. Das aktiviert hauteigene Regenerations- und Aufbaumechanismen und Ihre Haut erscheint deutlich frischer und j\u00fcnger.<\/span><span style=\"color: var( --e-global-color-text ); font-weight: var( --e-global-typography-text-font-weight ); font-size: 1rem; font-family: Oxygen, sans-serif;\">\u00a0<\/span><\/p><\/div><p><span style=\"font-family: Oxygen, sans-serif;\">Sanft und angenehm bringt die Methodik aufbauende, regenerierende und straffende Wirkstoffcocktails in die tieferen Hautschichten. Das polstert die Konturen, erh\u00f6ht die Elastizit\u00e4t, strafft und gl\u00e4ttet den Teint.<\/span><\/p><p><span style=\"font-family: Oxygen, sans-serif;\">Sie k\u00f6nnen w\u00e4hlen zwischen der fl\u00e4chigen Behandlung des gesamten Gesichts oder der gezielten Bek\u00e4mpfung von einzelnen F\u00e4ltchen und Falten.<\/span><span style=\"font-family: Oxygen, sans-serif;\">\u00a0<\/span><\/p><p><span style=\"font-family: Oxygen, sans-serif;\">Intra Skin Infusion hilft damit der Haut sichtbar und sp\u00fcrbar, den optischen Folgen des Alterungsprozesses entgegenzuwirken &#8211; pr\u00e4ventiv und regenerativ. Das Besondere: Auch empfindliche Hauttypen k\u00f6nnen so aktives Anti-Aging betreiben. Die Behandlung ist sanft und v\u00f6llig schmerz- und verletzungsfrei. Sie sp\u00fcren mit einem Kribbeln wie die Wirkstoffe in die Haut eingebracht werden. Die St\u00e4rke der Impulse l\u00e4sst sich dabei fein einstellen.<\/span><\/p><p><span style=\"font-family: Oxygen, sans-serif;\">Freuen Sie sich auf tolle Resultate und ein deutlich j\u00fcnger aussehendes und strafferes Hautbild.<\/span><\/p><p><span style=\"font-family: Oxygen, sans-serif; color: var( --e-global-color-text ); font-weight: var( --e-global-typography-text-font-weight ); font-size: 1rem;\">Ablauf der Behandlung:\u00a0<\/span><\/p><p><span style=\"font-family: Oxygen, sans-serif; color: var( --e-global-color-text ); font-weight: var( --e-global-typography-text-font-weight ); font-size: 1rem;\">Schon nach der allerersten Behandlung sieht man den Erfolg der Behandlung, der individuell nach einiger Zeit wieder nachl\u00e4sst. F\u00fcr einen andauernden Behandlungserfolg empfehlen wir 6-8 Behandlungen in einem Abstand von 5 &#8211; 10 (max. 14) Tagen. 1-2 Auffrischungsbehandlungen erfolgen dann immer in einem Abstand von ca. 6 Monaten. Zusammen mit der konsequenten Anwendung der darauf abgestimmten Pflegeserie von Deynique f\u00fcr zu Hause l\u00e4sst sich das herausragende Behandlungsergebnis dauerhaft halten. Alternativ k\u00f6nnen Sie auch eines unserer Kurprogramme w\u00e4hlen.<\/span><\/p><p><span style=\"color: var( --e-global-color-text ); font-family: Oxygen, sans-serif; font-size: 1rem; font-weight: var( --e-global-typography-text-font-weight );\">Sie wollen nur zu einem besonderen Anlass z.B. einer Hochzeitsfeier oder einem Fototermin besonders toll aussehen? Dann empfehlen wir 2 Behandlungen. Die erste Behandlung 5-6 Tage vor &#8211; eine zweite Behandlung erfolgt dann am Tag oder Vortag des Anlasses. Beachten Sie unser Angebot zu Zweit bei dem Sie sparen k\u00f6nnen wenn Sie mit Partner\/Partnerin oder Freund\/Freundin kommen.<\/span><\/p><p><span style=\"font-family: Oxygen, sans-serif;\">Intra Skin Infusion l\u00e4sst sich auch prima mit einem vorherigen Bio-Face-Lifting kombinieren.<\/span><\/p><p>Ein weiterer Vorteil von Intra Skin Infusion ist, dass Sie sofort nach der Behandlung wieder gesellschaftsf\u00e4hig sind. Es gibt keine R\u00f6tungen und es ist m\u00f6glich direkt nach der Behandlung wieder Make-up zu verwenden. Alternativ k\u00f6nnen Sie nach einer Behandlung z.B. am Nachmittag auf Wunsch die klaren gelartigen Wirkstoffe auf der Haut lassen und weiter \u00fcber Nacht wirken lassen. Besondere Vorkehrungen nach der Behandlung wie Verzicht auf Saunag\u00e4nge oder Sonnenbaden sind nicht n\u00f6tig.<\/p><p>Aus Gr\u00fcnden besonderer Vorsicht behandeln wir keine Kunden mit Herzschrittmacher, offenen Hautkrankheiten oder Krebspatienten in akuter Behandlung mit der Intra Skin Infusion sowie Schwangere und M\u00fctter w\u00e4hrend der Stillzeit.<\/p><p>Die tollen Erfolge dieser Behandlung haben uns \u00fcberzeugt Intra Skin Infusion f\u00fcr unsere Kunden anzubieten. Intra Skin Infusion mit Produkten von Deynique in Baden-Baden und Umgebung nur bei Home of Beauty.<\/p><p><span style=\"color: var( --e-global-color-text ); font-family: var( --e-global-typography-text-font-family ), Oxygen; font-weight: var( --e-global-typography-text-font-weight ); font-size: 1rem;\">Deynique ist ein inhabergef\u00fchrtes Unternehmen aus Deutschland, das seit fast 50 Jahren Produkte mit Aloe Vera anbietet.<\/span><\/p><p><span style=\"color: var( --e-global-color-text ); font-family: var( --e-global-typography-text-font-family ), Oxygen; font-weight: var( --e-global-typography-text-font-weight ); font-size: 1rem;\">Behandlungsdauer: ca. 1 Stunde.<\/span><\/p>\t\t\t\t\t\t\t\t<\/div>\n\t\t\t\t<\/div>\n\t\t\t\t<div class=\"elementor-element elementor-element-7ce73dd2 elementor--h-position-center elementor--v-position-middle elementor-arrows-position-inside elementor-pagination-position-inside elementor-widget elementor-widget-slides\" data-id=\"7ce73dd2\" data-element_type=\"widget\" data-e-type=\"widget\" data-settings=\"{&quot;transition&quot;:&quot;fade&quot;,&quot;navigation&quot;:&quot;both&quot;,&quot;autoplay&quot;:&quot;yes&quot;,&quot;pause_on_hover&quot;:&quot;yes&quot;,&quot;pause_on_interaction&quot;:&quot;yes&quot;,&quot;autoplay_speed&quot;:5000,&quot;infinite&quot;:&quot;yes&quot;,&quot;transition_speed&quot;:500}\" data-widget_type=\"slides.default\">\n\t\t\t\t<div class=\"elementor-widget-container\">\n\t\t\t\t\t\t\t<div class=\"elementor-swiper\">\n\t\t\t<div class=\"elementor-slides-wrapper elementor-main-swiper swiper-container\" dir=\"ltr\" data-animation=\"fadeInUp\">\n\t\t\t\t<div class=\"swiper-wrapper elementor-slides\">\n\t\t\t\t\t<div class=\"elementor-repeater-item-0b74152 swiper-slide\"><div class=\"swiper-slide-bg\"><\/div><div class=\"elementor-background-overlay\"><\/div><a class=\"swiper-slide-inner\" href=\"#sec%20Faltenbehandlung\"><div class=\"swiper-slide-contents\"><div class=\"elementor-slide-heading\">Intra Skin Infusion<\/div><div class=\"elementor-slide-description\">Falten f\u00fcllen in Minuten. \nMit Intra Skin Infusion werden computergest\u00fctzt, mittels sanfter Stromimpulse, gro\u00dfe Wirkstoffmengen durch die Zellstruktur in die tieferen Hautregionen transportiert. Das aktiviert hauteigene Regenerations- und Aufbaumechanismen und Ihre Haut erscheint deutlich frischer und j\u00fcnger.\n\nSie k\u00f6nnen w\u00e4hlen zwischen der fl\u00e4chigen Behandlung des gesamten Gesichts oder der gezielten Bek\u00e4mpfung von einzelnen F\u00e4ltchen und Falten.\n\n\n<\/div><div  class=\"elementor-button elementor-slide-button elementor-size-sm\">Details<\/div><\/div><\/a><\/div><div class=\"elementor-repeater-item-f71d192 swiper-slide\"><div class=\"swiper-slide-bg\"><\/div><div class=\"elementor-background-overlay\"><\/div><a class=\"swiper-slide-inner\" href=\"#sec%20microneedling\"><div class=\"swiper-slide-contents\"><div class=\"elementor-slide-heading\">Micro-Needling<\/div><div class=\"elementor-slide-description\">Micro-Needling ist eine nicht-invasive Behandlungsmethode, die es erm\u00f6glicht Wirkstoffe dort einzubringen, wo eine oberfl\u00e4chliche Pflege nicht wirken kann. Die Wirkstoffe werden passend zu Ihrem Hauttyp ausgew\u00e4hlt.\n\n\nDurch die Behandlung mit sterilen Einwegmikronadeln wird die Aufnahmef\u00e4higkeit der Haut enorm erh\u00f6ht und die entsprechende Nachpflege kann ihre volle Wirkung entfalten. Dies geschieht w\u00e4hrend der Regenerationsphase der Haut ach der Behandlung.\n<\/div><div  class=\"elementor-button elementor-slide-button elementor-size-sm\">Details<\/div><\/div><\/a><\/div><div class=\"elementor-repeater-item-4035875 swiper-slide\"><div class=\"swiper-slide-bg\"><\/div><div class=\"elementor-background-overlay\"><\/div><a class=\"swiper-slide-inner\" href=\"#sec%20plasmapen\"><div class=\"swiper-slide-contents\"><div class=\"elementor-slide-heading\">Plasma Pen<\/div><div class=\"elementor-slide-description\">Phi Ion \/ Plasma Pen\n\n\nDer Phi-Plasma-Pen produziert kurze Energieimpulse. Durch die Entfernung der obersten Hautschicht wird das umgebende Gewebe gestrafft und Falten werden reduziert.\n\n\nDurch die dosierten und ultrakurzen Energiepulse wird das umgebende oder darunterliegende Gewebe weder besch\u00e4digt noch wird ihm unerw\u00fcnschte W\u00e4rmeenergie zugef\u00fchrt.\n\n<\/div><div  class=\"elementor-button elementor-slide-button elementor-size-sm\">Details<\/div><\/div><\/a><\/div>\t\t\t\t<\/div>\n\t\t\t\t\t\t\t\t\t\t\t\t\t\t\t<div class=\"swiper-pagination\"><\/div>\n\t\t\t\t\t\t\t\t\t\t\t\t\t\t\t\t<div class=\"elementor-swiper-button elementor-swiper-button-prev\">\n\t\t\t\t\t\t\t<i aria-hidden=\"true\" class=\"eicon-chevron-left\"><\/i>\t\t\t\t\t\t\t<span class=\"elementor-screen-only\">Previous<\/span>\n\t\t\t\t\t\t<\/div>\n\t\t\t\t\t\t<div class=\"elementor-swiper-button elementor-swiper-button-next\">\n\t\t\t\t\t\t\t<i aria-hidden=\"true\" class=\"eicon-chevron-right\"><\/i>\t\t\t\t\t\t\t<span class=\"elementor-screen-only\">Next<\/span>\n\t\t\t\t\t\t<\/div>\n\t\t\t\t\t\t\t\t\t\t\t\t<\/div>\n\t\t<\/div>\n\t\t\t\t\t\t<\/div>\n\t\t\t\t<\/div>\n\t\t\t\t\t<\/div>\n\t\t<\/div>\n\t\t\t\t\t<\/div>\n\t\t<\/section>\n\t\t\t\t<section class=\"elementor-section elementor-top-section elementor-element elementor-element-ecbec01 elementor-section-boxed elementor-section-height-default elementor-section-height-default\" data-id=\"ecbec01\" data-element_type=\"section\" data-e-type=\"section\" id=\"sec microneedling\">\n\t\t\t\t\t\t<div class=\"elementor-container elementor-column-gap-default\">\n\t\t\t\t\t<div class=\"elementor-column elementor-col-100 elementor-top-column elementor-element elementor-element-79b4c22\" data-id=\"79b4c22\" data-element_type=\"column\" data-e-type=\"column\">\n\t\t\t<div class=\"elementor-widget-wrap elementor-element-populated\">\n\t\t\t\t\t\t<div class=\"elementor-element elementor-element-3cfeff8 elementor-widget elementor-widget-menu-anchor\" data-id=\"3cfeff8\" data-element_type=\"widget\" data-e-type=\"widget\" data-widget_type=\"menu-anchor.default\">\n\t\t\t\t<div class=\"elementor-widget-container\">\n\t\t\t\t\t\t\t<div class=\"elementor-menu-anchor\" id=\"Microneedling\"><\/div>\n\t\t\t\t\t\t<\/div>\n\t\t\t\t<\/div>\n\t\t\t\t<div class=\"elementor-element elementor-element-1668e30 elementor-widget elementor-widget-text-editor\" data-id=\"1668e30\" data-element_type=\"widget\" data-e-type=\"widget\" data-widget_type=\"text-editor.default\">\n\t\t\t\t<div class=\"elementor-widget-container\">\n\t\t\t\t\t\t\t\t\t<h3 class=\"desc-title\"><strong style=\"color: inherit; font-family: inherit; font-size: 1.5rem;\">Micro-Needling<\/strong><\/h3><p class=\"rteBlock\">Micro-Needling ist eine nicht-invasive Behandlungsmethode, die es erm\u00f6glicht Wirkstoffe dort einzubringen, wo eine oberfl\u00e4chliche Pflege nicht wirken kann. Die Wirkstoffe werden passend zu Ihrem Hauttyp ausgew\u00e4hlt.<\/p><p class=\"rteBlock\"><span style=\"color: var( --e-global-color-text ); font-family: var( --e-global-typography-text-font-family ), Sans-serif; font-weight: var( --e-global-typography-text-font-weight ); font-size: 1rem;\">Durch die Behandlung mit sterilen Einwegmikronadeln wird die Aufnahmef\u00e4higkeit der Haut enorm erh\u00f6ht und die entsprechende Nachpflege kann ihre volle Wirkung entfalten. Dies geschieht w\u00e4hrend der Regenerationsphase der Haut ach der Behandlung.<\/span><\/p><p class=\"rteBlock\">Bei der Microneedling Behandlung werden verschiedene Wirkstoffkomplexe 0,5-2,5mm tief in die Haut eingebracht. Die mikrofeinen Nadeln dringen in die oberste Hautschicht ein und aktivieren dadurch Wachstumsrezeptoren, welche die Neuproduktion des k\u00f6rpereigenen Kollagen und der Hyalurons\u00e4ure anregen. Die Haut gewinnt an Spannkraft und das Bindegewebe wird sichtbar gestrafft.<\/p><p class=\"rteBlock\">Das Micro-Needling und die eingebrachten Wirkstoffkomplexe wirken sofort. Man sieht schon unmittelbar nach der Behandlung den ersten Effekt. Weitere Ver\u00e4nderungen der Haut treten nach circa 24 Stunden ein. In diesem Zeitraum sind R\u00f6tungen und kleine Schwellungen zu erwarten. Ein leichtes Spannungsgef\u00fchl und minimale Missempfindungen sind nicht auszuschlie\u00dfen, klingen allerdings erfahrungsgem\u00e4\u00df schon nach 24 Stunden wieder ab. Bis zum vollst\u00e4ndigen Behandlungsresultat vergehen allerdings in der Regel 5 Tage. In diesem Zeitraum wird die Haut weiterhin mit Wirkstoffkomplexen versorgt.<\/p><p class=\"rteBlock\">Wir empfehlen je nach Hautbeschaffenheit und Behandlungsziel 3 Behandlungen im Abstand von je 10-14 Tagen. Die Behandlungskur kann man bis zu zweimal j\u00e4hrlich wiederholen.<\/p><p class=\"rteBlock\">Wir setzen <b>Microneedling <\/b>f\u00fcr folgende Anwendungen ein:<\/p><ul><li>Faltenbehandlung<\/li><li><span style=\"color: var( --e-global-color-text ); font-family: var( --e-global-typography-text-font-family ), Sans-serif; font-size: 1rem; font-weight: var( --e-global-typography-text-font-weight );\">Behandlung von Aknenarben<\/span><\/li><li>Behandlung von Dehnungssteifen<\/li><\/ul><div>\u00a0<\/div>\t\t\t\t\t\t\t\t<\/div>\n\t\t\t\t<\/div>\n\t\t\t\t\t<\/div>\n\t\t<\/div>\n\t\t\t\t\t<\/div>\n\t\t<\/section>\n\t\t\t\t<section class=\"elementor-section elementor-top-section elementor-element elementor-element-625786b elementor-section-boxed elementor-section-height-default elementor-section-height-default\" data-id=\"625786b\" data-element_type=\"section\" data-e-type=\"section\" id=\"sec plasmapen\">\n\t\t\t\t\t\t<div class=\"elementor-container elementor-column-gap-default\">\n\t\t\t\t\t<div class=\"elementor-column elementor-col-100 elementor-top-column elementor-element elementor-element-1c0817b\" data-id=\"1c0817b\" data-element_type=\"column\" data-e-type=\"column\">\n\t\t\t<div class=\"elementor-widget-wrap elementor-element-populated\">\n\t\t\t\t\t\t<div class=\"elementor-element elementor-element-2b8e368 elementor-widget elementor-widget-text-editor\" data-id=\"2b8e368\" data-element_type=\"widget\" data-e-type=\"widget\" data-widget_type=\"text-editor.default\">\n\t\t\t\t<div class=\"elementor-widget-container\">\n\t\t\t\t\t\t\t\t\t<div class=\"desc-title\"><strong style=\"color: inherit; font-family: inherit; font-size: 1.5rem;\">Phi Ion \/ Plasma Pen<\/strong><\/div><div class=\"desc-title\">Der Phi-Plasma-Pen produziert kurze Energieimpulse. Durch die Entfernung der obersten Hautschicht wird das umgebende Gewebe gestrafft und Falten werden reduziert.<\/div><p class=\"rteBlock\">Durch die dosierten und ultrakurzen Energiepulse wird das umgebende oder darunterliegende Gewebe weder besch\u00e4digt noch wird ihm unerw\u00fcnschte W\u00e4rmeenergie zugef\u00fchrt.<\/p><p class=\"rteBlock\">Wir wenden die <b>Plasma Pen<\/b> f\u00fcr folgende Anwendungen ein:<\/p><ul><li>Augenlidstraffung<\/li><li><span style=\"color: var( --e-global-color-text ); font-family: var( --e-global-typography-text-font-family ), Sans-serif; font-weight: var( --e-global-typography-text-font-weight ); font-size: 1rem;\">Faltenbehandlung<\/span><\/li><li><span style=\"color: var( --e-global-color-text ); font-family: var( --e-global-typography-text-font-family ), Sans-serif; font-weight: var( --e-global-typography-text-font-weight );\">Entfernung von Kr\u00e4henf\u00fc\u00dfen<\/span><\/li><li><span style=\"color: var( --e-global-color-text ); font-family: var( --e-global-typography-text-font-family ), Sans-serif; font-weight: var( --e-global-typography-text-font-weight );\">Dekollet\u00e9straffung<\/span><\/li><\/ul>\t\t\t\t\t\t\t\t<\/div>\n\t\t\t\t<\/div>\n\t\t\t\t\t<\/div>\n\t\t<\/div>\n\t\t\t\t\t<\/div>\n\t\t<\/section>\n\t\t\t\t<\/div>\n\t\t","protected":false},"excerpt":{"rendered":"<p>Unser Portfolio gegen Falten Intraskin Infusion Microneedling &amp; Plasma Pen Das Kosmetikatelier Home of Beauty hat sich auf Behandlungen rund um das Gesicht spezialisiert.\u00a0Nehmen Sie sich eine Auszeit und lassen Sie sich bei uns verw\u00f6hnen! Intra Skin Infusion &#8211;\u00a0Falten f\u00fcllen in Minuten Mit Intra Skin Infusion werden computergest\u00fctzt, mittels sanfter Stromimpulse, gro\u00dfe Wirkstoffmengen durch die [&hellip;]<\/p>\n","protected":false},"author":1,"featured_media":0,"parent":307,"menu_order":0,"comment_status":"closed","ping_status":"closed","template":"","meta":{"footnotes":""},"class_list":["post-1016","page","type-page","status-publish","hentry"],"_links":{"self":[{"href":"https:\/\/home-of-beauty-baden-baden.de\/index.php\/wp-json\/wp\/v2\/pages\/1016","targetHints":{"allow":["GET"]}}],"collection":[{"href":"https:\/\/home-of-beauty-baden-baden.de\/index.php\/wp-json\/wp\/v2\/pages"}],"about":[{"href":"https:\/\/home-of-beauty-baden-baden.de\/index.php\/wp-json\/wp\/v2\/types\/page"}],"author":[{"embeddable":true,"href":"https:\/\/home-of-beauty-baden-baden.de\/index.php\/wp-json\/wp\/v2\/users\/1"}],"replies":[{"embeddable":true,"href":"https:\/\/home-of-beauty-baden-baden.de\/index.php\/wp-json\/wp\/v2\/comments?post=1016"}],"version-history":[{"count":16,"href":"https:\/\/home-of-beauty-baden-baden.de\/index.php\/wp-json\/wp\/v2\/pages\/1016\/revisions"}],"predecessor-version":[{"id":1099,"href":"https:\/\/home-of-beauty-baden-baden.de\/index.php\/wp-json\/wp\/v2\/pages\/1016\/revisions\/1099"}],"up":[{"embeddable":true,"href":"https:\/\/home-of-beauty-baden-baden.de\/index.php\/wp-json\/wp\/v2\/pages\/307"}],"wp:attachment":[{"href":"https:\/\/home-of-beauty-baden-baden.de\/index.php\/wp-json\/wp\/v2\/media?parent=1016"}],"curies":[{"name":"wp","href":"https:\/\/api.w.org\/{rel}","templated":true}]}}