{"id":185,"date":"2021-10-23T16:59:05","date_gmt":"2021-10-23T14:59:05","guid":{"rendered":"https:\/\/premiumbrows.de\/?page_id=185"},"modified":"2025-06-11T17:27:21","modified_gmt":"2025-06-11T15:27:21","slug":"augenbrauenbehandlungen","status":"publish","type":"page","link":"https:\/\/home-of-beauty-baden-baden.de\/index.php\/behandlungen\/augenbrauenbehandlungen\/","title":{"rendered":"Augenbrauenbehandlungen"},"content":{"rendered":"\t\t<div data-elementor-type=\"wp-page\" data-elementor-id=\"185\" class=\"elementor elementor-185\">\n\t\t\t\t\t\t<section class=\"elementor-section elementor-top-section elementor-element elementor-element-d8aabfe elementor-section-boxed elementor-section-height-default elementor-section-height-default\" data-id=\"d8aabfe\" data-element_type=\"section\" data-e-type=\"section\">\n\t\t\t\t\t\t<div class=\"elementor-container elementor-column-gap-default\">\n\t\t\t\t\t<div class=\"elementor-column elementor-col-100 elementor-top-column elementor-element elementor-element-a140e7f\" data-id=\"a140e7f\" data-element_type=\"column\" data-e-type=\"column\">\n\t\t\t<div class=\"elementor-widget-wrap elementor-element-populated\">\n\t\t\t\t\t\t<div class=\"elementor-element elementor-element-2ca35f9 elementor-widget elementor-widget-heading\" data-id=\"2ca35f9\" data-element_type=\"widget\" data-e-type=\"widget\" data-widget_type=\"heading.default\">\n\t\t\t\t<div class=\"elementor-widget-container\">\n\t\t\t\t\t<h1 class=\"elementor-heading-title elementor-size-default\">Unser Portfolio f\u00fcr Ihre Augenbrauen<\/h1>\t\t\t\t<\/div>\n\t\t\t\t<\/div>\n\t\t\t\t<section class=\"elementor-section elementor-inner-section elementor-element elementor-element-eab3d52 elementor-section-boxed elementor-section-height-default elementor-section-height-default\" data-id=\"eab3d52\" data-element_type=\"section\" data-e-type=\"section\">\n\t\t\t\t\t\t<div class=\"elementor-container elementor-column-gap-default\">\n\t\t\t\t\t<div class=\"elementor-column elementor-col-50 elementor-inner-column elementor-element elementor-element-18d868a\" data-id=\"18d868a\" data-element_type=\"column\" data-e-type=\"column\">\n\t\t\t<div class=\"elementor-widget-wrap elementor-element-populated\">\n\t\t\t\t\t\t<div class=\"elementor-element elementor-element-dd16355 elementor-widget elementor-widget-image\" data-id=\"dd16355\" data-element_type=\"widget\" data-e-type=\"widget\" data-widget_type=\"image.default\">\n\t\t\t\t<div class=\"elementor-widget-container\">\n\t\t\t\t\t\t\t\t\t\t\t\t\t\t\t<img fetchpriority=\"high\" decoding=\"async\" width=\"382\" height=\"260\" src=\"https:\/\/home-of-beauty-baden-baden.de\/wp-content\/uploads\/2021\/10\/Portfolio1_small.jpg\" class=\"attachment-large size-large wp-image-187\" alt=\"\" srcset=\"https:\/\/home-of-beauty-baden-baden.de\/wp-content\/uploads\/2021\/10\/Portfolio1_small.jpg 382w, https:\/\/home-of-beauty-baden-baden.de\/wp-content\/uploads\/2021\/10\/Portfolio1_small-300x204.jpg 300w\" sizes=\"(max-width: 382px) 100vw, 382px\" \/>\t\t\t\t\t\t\t\t\t\t\t\t\t\t\t<\/div>\n\t\t\t\t<\/div>\n\t\t\t\t\t<\/div>\n\t\t<\/div>\n\t\t\t\t<div class=\"elementor-column elementor-col-50 elementor-inner-column elementor-element elementor-element-6a172b3\" data-id=\"6a172b3\" data-element_type=\"column\" data-e-type=\"column\">\n\t\t\t<div class=\"elementor-widget-wrap elementor-element-populated\">\n\t\t\t\t\t\t<div class=\"elementor-element elementor-element-00ded56 elementor-widget elementor-widget-text-editor\" data-id=\"00ded56\" data-element_type=\"widget\" data-e-type=\"widget\" data-widget_type=\"text-editor.default\">\n\t\t\t\t<div class=\"elementor-widget-container\">\n\t\t\t\t\t\t\t\t\t<ul><li>Microblading<\/li><li>Microblading mit Shading<\/li><li>Powder Brows<\/li><li>Combo Brows<\/li><li>Beverly Brows<\/li><\/ul>\t\t\t\t\t\t\t\t<\/div>\n\t\t\t\t<\/div>\n\t\t\t\t\t<\/div>\n\t\t<\/div>\n\t\t\t\t\t<\/div>\n\t\t<\/section>\n\t\t\t\t\t<\/div>\n\t\t<\/div>\n\t\t\t\t\t<\/div>\n\t\t<\/section>\n\t\t\t\t<section class=\"elementor-section elementor-top-section elementor-element elementor-element-810eed0 elementor-section-boxed elementor-section-height-default elementor-section-height-default\" data-id=\"810eed0\" data-element_type=\"section\" data-e-type=\"section\">\n\t\t\t\t\t\t<div class=\"elementor-container elementor-column-gap-default\">\n\t\t\t\t\t<div class=\"elementor-column elementor-col-100 elementor-top-column elementor-element elementor-element-0040169\" data-id=\"0040169\" data-element_type=\"column\" data-e-type=\"column\">\n\t\t\t<div class=\"elementor-widget-wrap elementor-element-populated\">\n\t\t\t\t\t\t<div class=\"elementor-element elementor-element-645ab7c elementor-widget elementor-widget-heading\" data-id=\"645ab7c\" data-element_type=\"widget\" data-e-type=\"widget\" data-widget_type=\"heading.default\">\n\t\t\t\t<div class=\"elementor-widget-container\">\n\t\t\t\t\t<h2 class=\"elementor-heading-title elementor-size-default\">Augenbrauenstyling<\/h2>\t\t\t\t<\/div>\n\t\t\t\t<\/div>\n\t\t\t\t\t<\/div>\n\t\t<\/div>\n\t\t\t\t\t<\/div>\n\t\t<\/section>\n\t\t\t\t<section class=\"elementor-section elementor-top-section elementor-element elementor-element-5355da6 elementor-section-boxed elementor-section-height-default elementor-section-height-default\" data-id=\"5355da6\" data-element_type=\"section\" data-e-type=\"section\">\n\t\t\t\t\t\t<div class=\"elementor-container elementor-column-gap-default\">\n\t\t\t\t\t<div class=\"elementor-column elementor-col-100 elementor-top-column elementor-element elementor-element-986a055\" data-id=\"986a055\" data-element_type=\"column\" data-e-type=\"column\">\n\t\t\t<div class=\"elementor-widget-wrap elementor-element-populated\">\n\t\t\t\t\t\t<div class=\"elementor-element elementor-element-cd43e20 elementor-widget elementor-widget-text-editor\" data-id=\"cd43e20\" data-element_type=\"widget\" data-e-type=\"widget\" data-widget_type=\"text-editor.default\">\n\t\t\t\t<div class=\"elementor-widget-container\">\n\t\t\t\t\t\t\t\t\t<p>Sch\u00f6ne und volle Augenbrauen liegen im Trend. F\u00fcr alle, die es leid sind d\u00fcnne, l\u00fcckenhafte oder unregelm\u00e4\u00dfige Augenbrauen mit Stiften auszubessern bietet sich an die Augenbrauen f\u00fcr 1-2 Jahre zu versch\u00f6nern. Der Kundenvorteil liegt klar auf der Hand: Einmal durchgef\u00fchrt sparen Sie jeden Tag Zeit beim Make-up und wenn die Behandlung abgeschlossen ist, gibt es auch kein Verwischen beim Sport oder beim Schwimmbadbesuch. Ihre Augenbrauen wirken dicht, gleichm\u00e4\u00dfig und nat\u00fcrlich symmetrisch.<span style=\"color: var( --e-global-color-text ); font-family: var( --e-global-typography-text-font-family ), Sans-serif; font-weight: var( --e-global-typography-text-font-weight ); font-size: 1rem;\">\u00a0<\/span><\/p><div>Im Gegensatz zum Permanent Make-up werden bei unseren Augenbrauenbehandlungen die Farbpigmente nicht vollfl\u00e4chig sondern in feinsten Linien oder Punkten eingebracht. In dem sterilen Werkzeug sitzen feinster Nadeln, mit denen die oberste Hautschicht eingeritzt wird. Dannach werden hochwertige Farbpigmente eingebracht. Wir verwenden nur hochwertige Pigmente und Kosmetikprodukte. So entsteht der Eindruck von feinsten H\u00e4rchen, die sich von echten optisch kaum unterscheiden. Microblading wirkt im Vergleich zu Permanent Make-Up viel nat\u00fcrlicher. Microblading beeintr\u00e4chtigt das nat\u00fcrliche Haarwachstum in keinerlei Weise.\u00a0<span style=\"color: var( --e-global-color-text ); font-family: var( --e-global-typography-text-font-family ), Sans-serif; font-weight: var( --e-global-typography-text-font-weight ); font-size: 1rem;\">Die Pigmentfarbe wird w\u00e4hrend der Beratung ausgew\u00e4hlt. Die Farbe verblasst mit der Zeit langsam und gleichm\u00e4\u00dfig. Aus unserer Erfahrung betr\u00e4gt die durchschnittlicher Haltbarkeit 1-2 Jahre \u2013 manchmal aber auch l\u00e4nger. Wir empfehlen eine Auffrischung nach 1 \u00bd Jahren.<\/span><\/div><div>\u00a0<\/div><div>Apropos Beratung: Wir legen sehr gro\u00dfen Wert auf eine ausf\u00fchrliche Beratung. Wir sind nur zufrieden, wenn unsere Kunden mit dem Ergebnis gl\u00fccklich sind. Lieber verzichten wir auf einen Auftrag und auf potentielle Kunden wenn wir nicht davon \u00fcberzeugt sind, dass das Ergebnis perfekt wird. Aus welchen Gr\u00fcnden lehnen wir eine Behandlung ab? Zum einen gibt es ernsthafte Krankheiten, bei denen eine Microblading Behandlung nicht durchgef\u00fchrt werden sollte. Im Beratungsgespr\u00e4ch gehen wir intensiv auf diesen Punkt ein. Sollten Sie schwanger sein oder Stillen, kann die Behandlung ebenfalls nicht durchgef\u00fchrt werden. Bei extrem fettiger Haut wird w\u00e4hrend der Beratung gepr\u00fcft, welche M\u00f6glichkeiten bestehen und wie lange das Ergebnis halten wird.<\/div><div>\u00a0<\/div><div>Leider gibt es keine einheitliche Ausbildung f\u00fcr Augenbrauenbehandlunegn. Das Qualit\u00e4tsniveau einzelner Studios l\u00e4sst leider manchmal zu w\u00fcnschen \u00fcbrig und au\u00dferdem fehlt es manchmal auch an der Begabung und am Blick f\u00fcr die \u00c4sthetik.\u00a0 Wir bei Home of Beauty haben jahrelange Erfahrung mit Augenbrauenbehandlungen und wir perfektionieren unsere Kenntnisse durch kontinuierliche Weiterbildungen durch anerkannte Experten.<\/div><div>\u00a0<\/div><div>Lassen Sie ihre Augenbrauen nicht irgendwo machen, sondern gehen Sie zum Spezialisten. Wir konzentrieren uns auf wenige Behandlungen, die wir in Perfektion ausf\u00fchren. Kosmetikstudios gibt es viele \u2013 aber nur wenige in der Region, die Microblading auf unserem Qualit\u00e4tsniveau anbieten k\u00f6nnen.<\/div><div>\u00a0<\/div><div>Wir werden oft gefragt wie schmerzhaft die Behandlung ist. Darauf gibt es keine generelle Antwort, da das Schmerzempfinden bei jedem unterschiedlich und zudem abh\u00e4ngig von der Tagesform ist. Die betroffenen Bereiche werden aber vor der Behandlung leicht bet\u00e4ubt, so dass die meisten Leute die Behandlung zwar nicht als angenehm, aber durchaus als ertr\u00e4glich einstufen \u2013 etwa vergleichbar mit Augenbrauenzupfen.<\/div><div>\u00a0<\/div><div>Sehr wichtig f\u00fcr das Ergebnis ist die Nachbehandlung, die Sie zu Hause durchf\u00fchren. Sie erhalten von uns ausreichend Pr\u00e4parat, das Sie eine Woche nach der Behandlung anwenden m\u00fcssen. Sie erhalten von uns eine genaue Anleitung. W\u00e4hrend der Heilungsphase sollte neben anderen Kosmetikprodukten im Augenbrauenbereich f\u00fcr ein paar Tage auf schwei\u00dftreibende T\u00e4tigkeiten wie Sport, sowie auf Sonneneinstrahlung, Solarium- und Saunag\u00e4nge verzichtet werden.<\/div><div>\u00a0<\/div><div>Nach vier Wochen folgt dann \u00fcblicherweise die Nachbehandlung, weil sich die Haut innerhalb dieser Zeit regeneriert. Dieser Termin dient der Perfektionierung. Es wird noch einmal nachgebessert, weitere H\u00e4rchen k\u00f6nnen hinzugef\u00fcgt, verblassende Farbe aufgef\u00fcllt und die Form noch einmal leicht optimiert werden.<\/div><div>\u00a0<\/div><div>Der Erfolg der Behandlung ist \u2013 neben der korrekten Arbeit des Artists \u2013 abh\u00e4ngig vom Gesundheitszustand der Haut, der Hautqualit\u00e4t, evt. vorhandenen Farbpigmenten aus fr\u00fcheren Pigmentierungen, der Nachbehandlung bzw. Pflege sowie von verschiedenen externen Faktoren. Alle diese Faktoren liegen au\u00dferhalb der Kontrolle des Microblading Artists, so dass eine Garantie f\u00fcr die Behandlung ausgeschlossen ist.<\/div>\t\t\t\t\t\t\t\t<\/div>\n\t\t\t\t<\/div>\n\t\t\t\t\t<\/div>\n\t\t<\/div>\n\t\t\t\t\t<\/div>\n\t\t<\/section>\n\t\t\t\t<section class=\"elementor-section elementor-top-section elementor-element elementor-element-8d7a8c8 elementor-section-boxed elementor-section-height-default elementor-section-height-default\" data-id=\"8d7a8c8\" data-element_type=\"section\" data-e-type=\"section\">\n\t\t\t\t\t\t<div class=\"elementor-container elementor-column-gap-default\">\n\t\t\t\t\t<div class=\"elementor-column elementor-col-100 elementor-top-column elementor-element elementor-element-f69b16f\" data-id=\"f69b16f\" data-element_type=\"column\" data-e-type=\"column\">\n\t\t\t<div class=\"elementor-widget-wrap elementor-element-populated\">\n\t\t\t\t\t\t<div class=\"elementor-element elementor-element-6c19ba2 elementor--h-position-center elementor--v-position-middle elementor-pagination-position-inside elementor-widget elementor-widget-slides\" data-id=\"6c19ba2\" data-element_type=\"widget\" data-e-type=\"widget\" data-settings=\"{&quot;transition&quot;:&quot;fade&quot;,&quot;navigation&quot;:&quot;dots&quot;,&quot;autoplay&quot;:&quot;yes&quot;,&quot;pause_on_hover&quot;:&quot;yes&quot;,&quot;pause_on_interaction&quot;:&quot;yes&quot;,&quot;autoplay_speed&quot;:5000,&quot;infinite&quot;:&quot;yes&quot;,&quot;transition_speed&quot;:500}\" data-widget_type=\"slides.default\">\n\t\t\t\t<div class=\"elementor-widget-container\">\n\t\t\t\t\t\t\t<div class=\"elementor-swiper\">\n\t\t\t<div class=\"elementor-slides-wrapper elementor-main-swiper swiper-container\" dir=\"ltr\" data-animation=\"fadeInUp\">\n\t\t\t\t<div class=\"swiper-wrapper elementor-slides\">\n\t\t\t\t\t<div class=\"elementor-repeater-item-0b74152 swiper-slide\"><div class=\"swiper-slide-bg\"><\/div><div class=\"swiper-slide-inner\" ><div class=\"swiper-slide-contents\"><div class=\"elementor-slide-heading\">Microblading<\/div><div class=\"elementor-slide-description\">Wie l\u00e4uft eine Microblading Behandlung ab?\n\n\nNachdem die Farbe und die Form zwischen dem Kunden und der Microblading K\u00fcnstlerin abgestimmt wurde wird das Gesicht nach dem Prinzip des Goldenen Schnitts vermessen und die Augenbrauenform aufgezeichnet. Sie k\u00f6nnen dann die Form \u00fcberpr\u00fcfen, ob sie Ihren Vorstellungen entspricht. Die Farbe orientiert sich an der Farbe der vorhandenen Augenbrauen, an der Haarfarbe und sollte harmonisch aussehen. Danach beginnt das Einritzen der H\u00e4rchen. Diese k\u00fcnstlerische Arbeit ist ein Handwerk, welches viel Fingerspitzengef\u00fchl ben\u00f6tigt und nur von einem geschulten und erfahrenen Spezialisten ausgef\u00fchrt werden sollte.\n\n\nAnschlie\u00dfend wird das Farbpigment einmassiert. Direkt nach der Behandlung sind die Linien stark sichtbar und die Farbe ist sehr intensiv. und die Augenbrauen wirken aufgrund der leicht gedehnten Haut breiter. In den darauffolgenden Tagen verkrustet sich die Haut etwas, die Farbintensit\u00e4t verringert sich um etwa 30-40% und die Dicke um etwa 10%.<\/div><\/div><\/div><\/div><div class=\"elementor-repeater-item-f71d192 swiper-slide\"><div class=\"swiper-slide-bg\"><\/div><div class=\"swiper-slide-inner\" ><div class=\"swiper-slide-contents\"><div class=\"elementor-slide-heading\">Microblading mit Shading<\/div><div class=\"elementor-slide-description\">Was ist der Unterschied zwischen Microblading und Microblading mit Shading?\n\n\nBeim Microblading werden die einzelnen Augenbrauenh\u00e4rchen linienf\u00f6rmig in die Haut eingeritzt. Im Fall dass nur noch wenige echte Augenbrauenh\u00e4rchen vorhanden sind, kann das Ergebnis etwas d\u00fcnn wirken. \n\n\nUm die Augenbrauen voller wirken zu lassen werden beim Shading mit einem Spezialwerkzeug zus\u00e4tzliche winzigste Punkte zwischen die H\u00e4rchenlinien gesetzt. \n\n\nWir beraten Sie im Vorbereitungsgespr\u00e4ch, ob zus\u00e4tzliches Shading bei Ihnen vorteilhaft w\u00e4re. Sie entscheiden aber selbst welche Variante Sie wollen.<\/div><\/div><\/div><\/div><div class=\"elementor-repeater-item-f8e52ad swiper-slide\"><div class=\"swiper-slide-bg\"><\/div><div class=\"swiper-slide-inner\" ><div class=\"swiper-slide-contents\"><div class=\"elementor-slide-heading\">Combo Brows<\/div><div class=\"elementor-slide-description\">Was sind Combo Brows? Combo Brows ist eine Kombination aus zwei Formen semipermanenter Techniken: Microblading und Powder Brows (Schattierung). Microblading-Haarstriche werden mit einem manuellen Werkzeug um den Rand der Braue gelegt, um der Braue ein nat\u00fcrliches Aussehen zu verleihen.\nCombo Brows, auch Kombinationsbrauen oder Hybridbrauen genannt, sind genau das, was ihr Name vermuten l\u00e4sst \u2013 eine Kombination der beiden beliebtesten Brauen-Tattoo-Techniken. Microblading (Haarstrich-Brauen) und Microshading (Puder)-Techniken werden verwendet, um Combo-Brauen zu kreieren, die attraktiv und dennoch nat\u00fcrlich aussehen, mit einem Hauch von Pudereffekt.<\/div><div  class=\"elementor-button elementor-slide-button elementor-size-sm\">Click Here<\/div><\/div><\/div><\/div><div class=\"elementor-repeater-item-b8ae628 swiper-slide\"><div class=\"swiper-slide-bg\"><\/div><div class=\"swiper-slide-inner\" ><div class=\"swiper-slide-contents\"><div class=\"elementor-slide-heading\">Powder Brows<\/div><div class=\"elementor-slide-description\">Was ist der Unterschied zwischen Microblading und Powder Brows?\n\nBeim Microblading werden die Augenbrauenh\u00e4rchen linienf\u00f6rmig nachgebildet. Bei der Powder Brows Behandlung werden hingegen mit einer feinen hauchd\u00fcnnen Nadel Farbpunkte unter die Hautoberfl\u00e4che gesetzt. Dabei werden keine Striche gezeichnet, sondern die Haut wird unter den nat\u00fcrlichen H\u00e4rchen mit kleinen P\u00fcnktchen schattiert. So entsteht ein puder\u00e4hnlicher Effekt. Vorteile der Powder Brows sind, dass manche Kunden die Behandlung weniger schmerzhaft empfinden und die Haltbarkeit tendenziell l\u00e4nger als beim Microblading ist. Augenbrauen mit Microblading wirken hingegen nat\u00fcrlicher als Powder Brows.<\/div><\/div><\/div><\/div><div class=\"elementor-repeater-item-a37513b swiper-slide\"><div class=\"swiper-slide-bg\"><\/div><div class=\"swiper-slide-inner\" ><div class=\"swiper-slide-contents\"><div class=\"elementor-slide-heading\">Beverly Brows<\/div><div class=\"elementor-slide-description\">Die haar\u00e4hnlichen Striche der Beverly Brows werden mit einem speziellen Make-up-Ger\u00e4t gezeichnet. Eine sehr feine Nadel bringt semipermanente Make-up-Pigmentierung in die obere Hautschicht.\n\nDie superfeinen Striche \u00e4hneln dem Aussehen einzelner nat\u00fcrlicher Augenbrauenhaare. Wir passen die Strichzeichnung immer individuel an, das Ergebnis ist f\u00fcr jeden Kunden zugeschnitten.\n\nDicke, Form, Position und Abstand zwischen den Strichen und die Richtung der gezeichneten Haare bestimmen, wie nat\u00fcrlich der Endeffekt aussehen wird.\n\nBeverly Brows bieten wir auch im Doppelpack an: Sie bringen Partner\/-in, Nachbar\/-in, Freund\/-in oder Bekannte mit und dann erh\u00e4lt jeder von Ihnen einen Rabatt auf Ihre Beverly Brows.<\/div><div  class=\"elementor-button elementor-slide-button elementor-size-sm\">Click Here<\/div><\/div><\/div><\/div>\t\t\t\t<\/div>\n\t\t\t\t\t\t\t\t\t\t\t\t\t\t\t<div class=\"swiper-pagination\"><\/div>\n\t\t\t\t\t\t\t\t\t\t\t\t\t\t\t\t\t<\/div>\n\t\t<\/div>\n\t\t\t\t\t\t<\/div>\n\t\t\t\t<\/div>\n\t\t\t\t\t<\/div>\n\t\t<\/div>\n\t\t\t\t\t<\/div>\n\t\t<\/section>\n\t\t\t\t<section class=\"elementor-section elementor-top-section elementor-element elementor-element-02d30cb elementor-section-boxed elementor-section-height-default elementor-section-height-default\" data-id=\"02d30cb\" data-element_type=\"section\" data-e-type=\"section\">\n\t\t\t\t\t\t<div class=\"elementor-container elementor-column-gap-default\">\n\t\t\t\t\t<div class=\"elementor-column elementor-col-100 elementor-top-column elementor-element elementor-element-05cb818\" data-id=\"05cb818\" data-element_type=\"column\" data-e-type=\"column\">\n\t\t\t<div class=\"elementor-widget-wrap elementor-element-populated\">\n\t\t\t\t\t\t<div class=\"elementor-element elementor-element-39b2ad7 elementor-widget elementor-widget-text-editor\" data-id=\"39b2ad7\" data-element_type=\"widget\" data-e-type=\"widget\" data-widget_type=\"text-editor.default\">\n\t\t\t\t<div class=\"elementor-widget-container\">\n\t\t\t\t\t\t\t\t\t<p><span style=\"color: var( --e-global-color-text ); font-family: var( --e-global-typography-text-font-family ), Oxygen; font-size: 1rem; font-weight: var( --e-global-typography-text-font-weight );\">&nbsp;<\/span><\/p>\n<p><span style=\"color: var( --e-global-color-text ); font-family: var( --e-global-typography-text-font-family ), Oxygen; font-size: 1rem; font-weight: var( --e-global-typography-text-font-weight );\">Der Heilungsprozess der Augenbrauenbehandlungen dauert bis zu 6-8 Wochen, aber Ihre Augenbrauen sehen viel fr\u00fcher gut aus. Hier sind die Heilungsstadien, die sie wahrscheinlich durchlaufen werden. Bitte beachen Sie, da\u00df jeder auf die Behandlung unterschiedlich reagieren kann und nicht jede Phase immer ausgepr\u00e4gt sein muss.<\/span><\/p>\n<p><\/p>\n<p>&nbsp; &nbsp; &nbsp;Tag 1-3: Ihre Brauen sehen nach der Behandlung f\u00fcr einige Tage zu dunkel aus. Keine Sorge, das Pigment verblasst wieder bis zu 50 %.<\/p>\n<p>&nbsp; &nbsp; &nbsp;Tag 3-7: Ein schorfiger Film bedeckt Ihre Brauen um den 5. Tag herum. Ber\u00fchren Sie ihn nicht, lassen Sie den Schorf von selbst abfallen.<\/p>\n<p>&nbsp; &nbsp; &nbsp;Tage 7-12: Die Krusten beginnen sich am Tag 7 oder so abzul\u00f6sen. Zupfen Sie nicht an der sich abl\u00f6senden Haut.<\/p>\n<p>&nbsp; &nbsp; &nbsp;Tag 12-14: Ihre Augenbrauen erscheinen zu hell. Keine Sorge, dies ist eine vorr\u00fcbergehende Ruhephase und das Pigment wird wieder erscheinen.<\/p>\n<p>&nbsp; &nbsp; &nbsp;Ab Tag 14: Das Pigment zeigt sich wieder. Ihre Augenbrauen nehmen ihre endg\u00fcltige Form an.<\/p><p><br><\/p><p><br><\/p><p><br><\/p>\t\t\t\t\t\t\t\t<\/div>\n\t\t\t\t<\/div>\n\t\t\t\t\t<\/div>\n\t\t<\/div>\n\t\t\t\t\t<\/div>\n\t\t<\/section>\n\t\t\t\t<\/div>\n\t\t","protected":false},"excerpt":{"rendered":"<p>Unser Portfolio f\u00fcr Ihre Augenbrauen Microblading Microblading mit Shading Powder Brows Combo Brows Beverly Brows Augenbrauenstyling Sch\u00f6ne und volle Augenbrauen liegen im Trend. F\u00fcr alle, die es leid sind d\u00fcnne, l\u00fcckenhafte oder unregelm\u00e4\u00dfige Augenbrauen mit Stiften auszubessern bietet sich an die Augenbrauen f\u00fcr 1-2 Jahre zu versch\u00f6nern. Der Kundenvorteil liegt klar auf der Hand: Einmal [&hellip;]<\/p>\n","protected":false},"author":1,"featured_media":0,"parent":307,"menu_order":0,"comment_status":"closed","ping_status":"closed","template":"","meta":{"footnotes":""},"class_list":["post-185","page","type-page","status-publish","hentry"],"_links":{"self":[{"href":"https:\/\/home-of-beauty-baden-baden.de\/index.php\/wp-json\/wp\/v2\/pages\/185","targetHints":{"allow":["GET"]}}],"collection":[{"href":"https:\/\/home-of-beauty-baden-baden.de\/index.php\/wp-json\/wp\/v2\/pages"}],"about":[{"href":"https:\/\/home-of-beauty-baden-baden.de\/index.php\/wp-json\/wp\/v2\/types\/page"}],"author":[{"embeddable":true,"href":"https:\/\/home-of-beauty-baden-baden.de\/index.php\/wp-json\/wp\/v2\/users\/1"}],"replies":[{"embeddable":true,"href":"https:\/\/home-of-beauty-baden-baden.de\/index.php\/wp-json\/wp\/v2\/comments?post=185"}],"version-history":[{"count":66,"href":"https:\/\/home-of-beauty-baden-baden.de\/index.php\/wp-json\/wp\/v2\/pages\/185\/revisions"}],"predecessor-version":[{"id":1182,"href":"https:\/\/home-of-beauty-baden-baden.de\/index.php\/wp-json\/wp\/v2\/pages\/185\/revisions\/1182"}],"up":[{"embeddable":true,"href":"https:\/\/home-of-beauty-baden-baden.de\/index.php\/wp-json\/wp\/v2\/pages\/307"}],"wp:attachment":[{"href":"https:\/\/home-of-beauty-baden-baden.de\/index.php\/wp-json\/wp\/v2\/media?parent=185"}],"curies":[{"name":"wp","href":"https:\/\/api.w.org\/{rel}","templated":true}]}}