{"id":293,"date":"2021-10-24T12:59:24","date_gmt":"2021-10-24T10:59:24","guid":{"rendered":"https:\/\/premiumbrows.de\/?page_id=293"},"modified":"2023-08-13T17:53:57","modified_gmt":"2023-08-13T15:53:57","slug":"permanent-make-up","status":"publish","type":"page","link":"https:\/\/home-of-beauty-baden-baden.de\/index.php\/behandlungen\/permanent-make-up\/","title":{"rendered":"Permanent Make-up"},"content":{"rendered":"\t\t<div data-elementor-type=\"wp-page\" data-elementor-id=\"293\" class=\"elementor elementor-293\">\n\t\t\t\t\t\t<section class=\"elementor-section elementor-top-section elementor-element elementor-element-92437b4 elementor-section-boxed elementor-section-height-default elementor-section-height-default\" data-id=\"92437b4\" data-element_type=\"section\" data-e-type=\"section\">\n\t\t\t\t\t\t<div class=\"elementor-container elementor-column-gap-default\">\n\t\t\t\t\t<div class=\"elementor-column elementor-col-100 elementor-top-column elementor-element elementor-element-442b8f72\" data-id=\"442b8f72\" data-element_type=\"column\" data-e-type=\"column\">\n\t\t\t<div class=\"elementor-widget-wrap elementor-element-populated\">\n\t\t\t\t\t\t<div class=\"elementor-element elementor-element-10f0a58d elementor-widget elementor-widget-heading\" data-id=\"10f0a58d\" data-element_type=\"widget\" data-e-type=\"widget\" data-widget_type=\"heading.default\">\n\t\t\t\t<div class=\"elementor-widget-container\">\n\t\t\t\t\t<h1 class=\"elementor-heading-title elementor-size-default\"><span style=\"font-family: Oxygen;font-size: 36px;font-weight: 500;white-space: normal\">Permanent Make-up<\/span><\/h1>\t\t\t\t<\/div>\n\t\t\t\t<\/div>\n\t\t\t\t<section class=\"elementor-section elementor-inner-section elementor-element elementor-element-567e6a8d elementor-section-boxed elementor-section-height-default elementor-section-height-default\" data-id=\"567e6a8d\" data-element_type=\"section\" data-e-type=\"section\">\n\t\t\t\t\t\t<div class=\"elementor-container elementor-column-gap-default\">\n\t\t\t\t\t<div class=\"elementor-column elementor-col-50 elementor-inner-column elementor-element elementor-element-11a39b66\" data-id=\"11a39b66\" data-element_type=\"column\" data-e-type=\"column\">\n\t\t\t<div class=\"elementor-widget-wrap elementor-element-populated\">\n\t\t\t\t\t\t<div class=\"elementor-element elementor-element-5865cdb8 elementor-widget elementor-widget-image\" data-id=\"5865cdb8\" data-element_type=\"widget\" data-e-type=\"widget\" data-widget_type=\"image.default\">\n\t\t\t\t<div class=\"elementor-widget-container\">\n\t\t\t\t\t\t\t\t\t\t\t\t\t\t\t<img fetchpriority=\"high\" decoding=\"async\" width=\"800\" height=\"534\" src=\"https:\/\/home-of-beauty-baden-baden.de\/wp-content\/uploads\/2021\/10\/Aquarelle-1024x683.jpg\" class=\"attachment-large size-large wp-image-295\" alt=\"\" srcset=\"https:\/\/home-of-beauty-baden-baden.de\/wp-content\/uploads\/2021\/10\/Aquarelle-1024x683.jpg 1024w, https:\/\/home-of-beauty-baden-baden.de\/wp-content\/uploads\/2021\/10\/Aquarelle-300x200.jpg 300w, https:\/\/home-of-beauty-baden-baden.de\/wp-content\/uploads\/2021\/10\/Aquarelle-768x512.jpg 768w, https:\/\/home-of-beauty-baden-baden.de\/wp-content\/uploads\/2021\/10\/Aquarelle-1536x1024.jpg 1536w, https:\/\/home-of-beauty-baden-baden.de\/wp-content\/uploads\/2021\/10\/Aquarelle-2048x1365.jpg 2048w\" sizes=\"(max-width: 800px) 100vw, 800px\" \/>\t\t\t\t\t\t\t\t\t\t\t\t\t\t\t<\/div>\n\t\t\t\t<\/div>\n\t\t\t\t\t<\/div>\n\t\t<\/div>\n\t\t\t\t<div class=\"elementor-column elementor-col-50 elementor-inner-column elementor-element elementor-element-63b2d4b0\" data-id=\"63b2d4b0\" data-element_type=\"column\" data-e-type=\"column\">\n\t\t\t<div class=\"elementor-widget-wrap elementor-element-populated\">\n\t\t\t\t\t\t<div class=\"elementor-element elementor-element-556cb270 elementor-widget elementor-widget-text-editor\" data-id=\"556cb270\" data-element_type=\"widget\" data-e-type=\"widget\" data-widget_type=\"text-editor.default\">\n\t\t\t\t<div class=\"elementor-widget-container\">\n\t\t\t\t\t\t\t\t\t<ul><li><span style=\"color: var( --e-global-color-text ); font-family: var( --e-global-typography-text-font-family ), Sans-serif; font-weight: var( --e-global-typography-text-font-weight );\">Aquarell Lips \/ Powder Lips<\/span><\/li><\/ul>\t\t\t\t\t\t\t\t<\/div>\n\t\t\t\t<\/div>\n\t\t\t\t\t<\/div>\n\t\t<\/div>\n\t\t\t\t\t<\/div>\n\t\t<\/section>\n\t\t\t\t\t<\/div>\n\t\t<\/div>\n\t\t\t\t\t<\/div>\n\t\t<\/section>\n\t\t\t\t<section class=\"elementor-section elementor-top-section elementor-element elementor-element-1c43df28 elementor-section-boxed elementor-section-height-default elementor-section-height-default\" data-id=\"1c43df28\" data-element_type=\"section\" data-e-type=\"section\">\n\t\t\t\t\t\t<div class=\"elementor-container elementor-column-gap-default\">\n\t\t\t\t\t<div class=\"elementor-column elementor-col-100 elementor-top-column elementor-element elementor-element-5dda80f2\" data-id=\"5dda80f2\" data-element_type=\"column\" data-e-type=\"column\">\n\t\t\t<div class=\"elementor-widget-wrap elementor-element-populated\">\n\t\t\t\t\t\t<div class=\"elementor-element elementor-element-cf9cd63 elementor-widget elementor-widget-spacer\" data-id=\"cf9cd63\" data-element_type=\"widget\" data-e-type=\"widget\" data-widget_type=\"spacer.default\">\n\t\t\t\t<div class=\"elementor-widget-container\">\n\t\t\t\t\t\t\t<div class=\"elementor-spacer\">\n\t\t\t<div class=\"elementor-spacer-inner\"><\/div>\n\t\t<\/div>\n\t\t\t\t\t\t<\/div>\n\t\t\t\t<\/div>\n\t\t\t\t<div class=\"elementor-element elementor-element-eaae6dd elementor-widget elementor-widget-text-editor\" data-id=\"eaae6dd\" data-element_type=\"widget\" data-e-type=\"widget\" data-widget_type=\"text-editor.default\">\n\t\t\t\t<div class=\"elementor-widget-container\">\n\t\t\t\t\t\t\t\t\t<p>Beim Permanant Make-up werden Farbpartikel in die oberen Hautschichten eingebracht. Die Haltbarkeit betr\u00e4gt in der Regel Jahre. Danach werden die Farbpartikel wieder abgebaut und verblassen.<\/p><p><span class=\"\">Wir legen bei Home of Beauty gro\u00dfen Wert auf ein nat\u00fcrliches Erscheinungsbild. Sie sollen vom Ergebnis \u00fcberzeugt sein und sich mit Ihrer PMU wohl f\u00fchlen.<\/span><\/p><p>Wir verwenden ausschlie\u00dflich \u00d6kotest-zertifizierte Farbstoffe, die keine Azo-Farbstoffe oder gesundheitsgef\u00e4hrdenden Schwermetalle enthalten. Die speziellen Pigmente in pharmazeutischer Qualit\u00e4t unterliegen strengsten Reinheitskriterien und entsprechen der Kategorie 1 der EG-Kosmetikverordnung.<\/p>\t\t\t\t\t\t\t\t<\/div>\n\t\t\t\t<\/div>\n\t\t\t\t<div class=\"elementor-element elementor-element-56d16057 elementor--h-position-center elementor--v-position-middle elementor-arrows-position-inside elementor-pagination-position-inside elementor-widget elementor-widget-slides\" data-id=\"56d16057\" data-element_type=\"widget\" data-e-type=\"widget\" data-settings=\"{&quot;transition&quot;:&quot;fade&quot;,&quot;navigation&quot;:&quot;both&quot;,&quot;autoplay&quot;:&quot;yes&quot;,&quot;pause_on_hover&quot;:&quot;yes&quot;,&quot;pause_on_interaction&quot;:&quot;yes&quot;,&quot;autoplay_speed&quot;:5000,&quot;infinite&quot;:&quot;yes&quot;,&quot;transition_speed&quot;:500}\" data-widget_type=\"slides.default\">\n\t\t\t\t<div class=\"elementor-widget-container\">\n\t\t\t\t\t\t\t<div class=\"elementor-swiper\">\n\t\t\t<div class=\"elementor-slides-wrapper elementor-main-swiper swiper-container\" dir=\"ltr\" data-animation=\"fadeInUp\">\n\t\t\t\t<div class=\"swiper-wrapper elementor-slides\">\n\t\t\t\t\t<div class=\"elementor-repeater-item-0b74152 swiper-slide\"><div class=\"swiper-slide-bg\"><\/div><div class=\"elementor-background-overlay\"><\/div><a class=\"swiper-slide-inner\" href=\"#sec%20aquarell\"><div class=\"swiper-slide-contents\"><div class=\"elementor-slide-heading\">Aquarell Lips<\/div><div class=\"elementor-slide-description\">Wenn Sie Ihren Traum nach unwiderstehlichen Lippen erf\u00fcllen m\u00f6chten, dann Sie sind bei unserem Atelier bestens aufgehoben. \n\nDie Aquarell Lips sind die Innovation in der bisherigen Lippenpigmentierung. Ebenso, wie auch bei der Powderbrows Technik, werden Ihre Lippen nur sehr zart pigmentiert. Somit bekommen Sie einen einzigartigen nat\u00fcrlichen Look. Diese Technik schenkt jeder blassen Lippe die n\u00f6tige Auffrischung. Ihre Lippen erscheinen volumin\u00f6ser und farbenfrischer.<\/div><div  class=\"elementor-button elementor-slide-button elementor-size-sm\">Details<\/div><\/div><\/a><\/div>\t\t\t\t<\/div>\n\t\t\t\t\t\t\t<\/div>\n\t\t<\/div>\n\t\t\t\t\t\t<\/div>\n\t\t\t\t<\/div>\n\t\t\t\t\t<\/div>\n\t\t<\/div>\n\t\t\t\t\t<\/div>\n\t\t<\/section>\n\t\t\t\t<section class=\"elementor-section elementor-top-section elementor-element elementor-element-67fd7da0 elementor-section-boxed elementor-section-height-default elementor-section-height-default\" data-id=\"67fd7da0\" data-element_type=\"section\" data-e-type=\"section\" id=\"sec aquarell\">\n\t\t\t\t\t\t<div class=\"elementor-container elementor-column-gap-default\">\n\t\t\t\t\t<div class=\"elementor-column elementor-col-100 elementor-top-column elementor-element elementor-element-4dfd8c70\" data-id=\"4dfd8c70\" data-element_type=\"column\" data-e-type=\"column\">\n\t\t\t<div class=\"elementor-widget-wrap\">\n\t\t\t\t\t\t\t<\/div>\n\t\t<\/div>\n\t\t\t\t\t<\/div>\n\t\t<\/section>\n\t\t\t\t<section class=\"elementor-section elementor-top-section elementor-element elementor-element-1fb7eb9d elementor-section-boxed elementor-section-height-default elementor-section-height-default\" data-id=\"1fb7eb9d\" data-element_type=\"section\" data-e-type=\"section\">\n\t\t\t\t\t\t<div class=\"elementor-container elementor-column-gap-default\">\n\t\t\t\t\t<div class=\"elementor-column elementor-col-100 elementor-top-column elementor-element elementor-element-2e4bb2fd\" data-id=\"2e4bb2fd\" data-element_type=\"column\" data-e-type=\"column\">\n\t\t\t<div class=\"elementor-widget-wrap elementor-element-populated\">\n\t\t\t\t\t\t<div class=\"elementor-element elementor-element-5e890d08 elementor-widget elementor-widget-text-editor\" data-id=\"5e890d08\" data-element_type=\"widget\" data-e-type=\"widget\" data-widget_type=\"text-editor.default\">\n\t\t\t\t<div class=\"elementor-widget-container\">\n\t\t\t\t\t\t\t\t\t<div class=\"desc-title\"><div id=\"1312758028\" class=\"dmRespRow u_1312758028\"><div id=\"1115304328\" class=\"dmRespColsWrapper\"><div id=\"1177883669\" class=\"dmRespCol large-12 medium-12 small-12\"><div id=\"1141493314\" class=\"dmNewParagraph\" data-dmtmpl=\"true\" data-element-type=\"paragraph\" data-version=\"5\"><h3>Aquarell Lips<\/h3><\/div><\/div><\/div><\/div><div id=\"1571098181\" class=\"dmRespRow u_1571098181\"><div id=\"1428924893\" class=\"dmRespColsWrapper\">\u00a0<\/div><\/div><p>Wenn Sie Ihren Traum nach unwiderstehlichen Lippen erf\u00fcllen m\u00f6chten, dann Sie sind bei unserem Atelier bestens aufgehoben.\u00a0<\/p><p>Die Aquarell Lips sind die Innovation in der bisherigen Lippenpigmentierung. Ebenso, wie auch bei der Powderbrows Technik, werden Ihre Lippen nur sehr zart pigmentiert. Somit bekommen Sie einen einzigartigen nat\u00fcrlichen Look. Diese Technik schenkt jeder blassen Lippe die n\u00f6tige Auffrischung. Ihre Lippen erscheinen volumin\u00f6ser und farbenfrischer.<\/p><p>Wie ist der Ablauf der Aquarell Lips Behandlung?<\/p><ul class=\"defaultList\"><li>Unsere Expertin zeichnet f\u00fcr Sie die optimale Lippenform an, die wir gemeinsam mit Ihnen besprechen<\/li><li>Danach zeigen wir Ihnen eine vielf\u00e4ltige Farbpalette und helfen Ihnen eine passende Farbe auszuw\u00e4hlen<\/li><li>Nachdem wir Ihre Lippen mit einer Bet\u00e4ubungscreme behandelt haben, beginnen wir mit der sanften Schattierung Ihrer Lippen.\u00a0<\/li><\/ul><p>Wir unterst\u00fctzen Sie bei der Auswahl und geben Ihnen zahlreiche Tipps, wie Sie sich am besten auf die Behandlung und die Abheilung danach vorbereiten, um Ihren Wunsch von perfekten Lippen zu erf\u00fcllen! Die Behandlung ist sehr sanft: die Lippenstruktur wird geschont und die nat\u00fcrliche Pigmentierung bleibt erhalten. Hierdurch wird ein schnellerer Heilerfolg und somit ein effizienteres und besseres Ergebnis erzielt. Oft ist das Ergebnis nach der ersten Sitzung schon so gut, dass auch nicht zwingend nachpigmentiert werden muss.<\/p><p>Aus unserer Erfahrung betr\u00e4gt die durchschnittliche Haltbarkeit 1 bis 2 Jahre \u2013 manchmal aber auch l\u00e4nger. Kurz nach der Behandlung wird das Ergebnis aufgrund des Farb\u00fcberschusses durch die Behandlung dunkler und intensiver. Dies ist jedoch kein Grund zur Sorge: Nach wenigen Tagen wird die Farbe heller und das gew\u00fcnschte Ergebnis tritt ein.<\/p><p>Unser Paket:<\/p><p>&#8211; Ausf\u00fchrliche Beratung<\/p><p>&#8211; Erstbehandlung (Dauer ca. 2,5h)<\/p><p>&#8211; Nachbehandlung (Dauer ca. 2h nach ca. 4-6 Wochen)<\/p><p>Bei Fragen stehen wir gerne zur Verf\u00fcgung.<\/p><p>\u00a0<\/p><\/div>\t\t\t\t\t\t\t\t<\/div>\n\t\t\t\t<\/div>\n\t\t\t\t<div class=\"elementor-element elementor-element-e26691a elementor-widget elementor-widget-text-editor\" data-id=\"e26691a\" data-element_type=\"widget\" data-e-type=\"widget\" data-widget_type=\"text-editor.default\">\n\t\t\t\t<div class=\"elementor-widget-container\">\n\t\t\t\t\t\t\t\t\t<div class=\"desc-title\"><div id=\"1312758028\" class=\"dmRespRow u_1312758028\"><div id=\"1115304328\" class=\"dmRespColsWrapper\"><div id=\"1177883669\" class=\"dmRespCol large-12 medium-12 small-12\"><div id=\"1141493314\" class=\"dmNewParagraph\" data-dmtmpl=\"true\" data-element-type=\"paragraph\" data-version=\"5\"><h3>Permanent Faux Freckles \/ Sommersprossen PMU<\/h3><\/div><\/div><\/div><\/div><div id=\"1571098181\" class=\"dmRespRow u_1571098181\"><div id=\"1428924893\" class=\"dmRespColsWrapper\"><div class=\"et_pb_module et_pb_cta_3 et_hover_enabled et_pb_promo et_pb_text_align_left et_pb_bg_layout_light et_pb_no_bg\"><div class=\"et_pb_promo_description\"><p>Sommersprossen verleihen Ihrem Aussehen Charakter, W\u00e4rme und Pers\u00f6nlichkeit. Sie entstehen leider nur durch sch\u00e4dliche Sonneneinstrahlung und durch die richtige Genetik. Sie wollen aber trotzdem nicht auf diesen Look verzichten?\u00a0 Sommersprossen-Tattoos oder auch Fake\/Faux Freckles genannt, sind daher einer der neusten Trends der Beauty-Welt.<\/p><p>Sie entscheiden selbst, ob es ein komplett neuer Look wird oder Sie mit einigen wenigen Stellen ihrem Gesicht neue Dimension verleihen, denn sie selbst k\u00f6nnen die Intensit\u00e4t und Platzierung der Sommersprossen w\u00e4hlen.<\/p><p>Egal ob Sie schon ein paar Sommersprossen haben, die Ihnen aber einfach zu wenig sind oder nur im Sommer hervortreten, oder ob Sie bislang gar nicht mit den s\u00fc\u00dfen Punkten gesegnet wurden,\u00a0 (fast) jeder ist f\u00fcr diese Behandlung geeignet.<br \/>Sommersprossen werden mit der Maschine pigmentiert. Sommersprossen haben einen warmen Farbton und variieren in Gr\u00f6\u00dfe und Form. Das Ziel ist immer, das Aussehen nat\u00fcrlicher Sommersprossen nachzubilden. Sommersprossen sind beim ersten Auftragen intensiver, verblassen jedoch w\u00e4hrend des Heilungsprozesses und erscheinen nach Abschluss des Heilungsprozesses (ca. 1 Woche) weich und nat\u00fcrlich. Um ein nat\u00fcrliches Ergebnis zu gestalten werden verschiedene Farben und Nadelst\u00e4rken verwendet. Sie selbst k\u00f6nnen Farbe, Intensit\u00e4t, Anzahl und nat\u00fcrlich die Stellen w\u00e4hlen.<\/p><p>Alle Hauttypen k\u00f6nnen von der Sch\u00f6nheit und Jugendlichkeit von Sommersprossen profitieren und diese genie\u00dfen. Bei \u00f6liger Haut muss m\u00f6glicherweise h\u00e4ufiger aufgefrischt werden, sowie bei der Verwendung von Retinoiden und chemischen Peelings.<\/p><\/div><\/div><div class=\"et_pb_module et_pb_cta_4 et_hover_enabled et_pb_promo et_pb_text_align_left et_pb_bg_layout_light et_pb_no_bg\"><div class=\"et_pb_promo_description\"><div><p>Faux Freckles werden meistens an der Nase und oberen Wangen platziert dort, wo die Sonne im Gesicht die meiste Zeit trifft. So sieht das Freckle-Tattoo so nat\u00fcrlich wie m\u00f6glich aus. Wir setzen au\u00dferdem gerne noch vereinzelt Sommersprossen auf Stirn, Schl\u00e4fen und Oberlippe. Unterlippe und Kinn sind zus\u00e4tzliche Optionen.<\/p><p>Das Ziel eines T\u00e4towierers ist es, die Punkte sporadisch und ungleichm\u00e4\u00dfig zu platzieren, so zuf\u00e4llig wie m\u00f6glich.\u00a0<\/p><p>Wir empfehlen au\u00dferdem, Referenzbilder\u00a0mitzubringen.<\/p><\/div><\/div><\/div><\/div><\/div><div class=\"et_pb_module et_pb_cta_3 et_hover_enabled et_pb_promo et_pb_text_align_left et_pb_bg_layout_light et_pb_no_bg\"><div class=\"et_pb_promo_description\">Aus unserer Erfahrung betr\u00e4gt die durchschnittliche Haltbarkeit 1 bis 2 Jahre \u2013 manchmal aber auch l\u00e4nger. Kurz nach der Behandlung wird das Ergebnis aufgrund des Farb\u00fcberschusses durch die Behandlung dunkler und intensiver. Dies ist jedoch kein Grund zur Sorge: Nach wenigen Tagen wird die Farbe heller und das gew\u00fcnschte Ergebnis tritt ein.<\/div><\/div><div>Wir bieten 3 verschiedene Pakete (S\/M\/L) an:<\/div><div>\u00a0<\/div><div>Paket S: ca. 20 Sommersprossen im Nasenbereich.<\/div><div>Paket M: ca. 20-100 Sommersprossen im Bereich der Nase in der Wangen.<\/div><div>Paket L: ca, 200+ Sommersprossen im ganzen Gesicht verteilt.<\/div><div>\u00a0<\/div><p>Jedes Paket beinhaltet:<\/p><ul><li>Ausf\u00fchrliche Beratung<\/li><li>Faux Freckles PMU<\/li><li>Anleitung f\u00fcr die Nachsorge zuhause<\/li><\/ul><p>Bei Fragen stehen wir gerne zur Verf\u00fcgung.<\/p><\/div>\t\t\t\t\t\t\t\t<\/div>\n\t\t\t\t<\/div>\n\t\t\t\t\t<\/div>\n\t\t<\/div>\n\t\t\t\t\t<\/div>\n\t\t<\/section>\n\t\t\t\t<section class=\"elementor-section elementor-top-section elementor-element elementor-element-d05e00d elementor-section-boxed elementor-section-height-default elementor-section-height-default\" data-id=\"d05e00d\" data-element_type=\"section\" data-e-type=\"section\">\n\t\t\t\t\t\t<div class=\"elementor-container elementor-column-gap-default\">\n\t\t\t\t\t<div class=\"elementor-column elementor-col-100 elementor-top-column elementor-element elementor-element-1081154\" data-id=\"1081154\" data-element_type=\"column\" data-e-type=\"column\">\n\t\t\t<div class=\"elementor-widget-wrap elementor-element-populated\">\n\t\t\t\t\t\t<div class=\"elementor-element elementor-element-226881e elementor--h-position-center elementor--v-position-middle elementor-arrows-position-inside elementor-pagination-position-inside elementor-widget elementor-widget-slides\" data-id=\"226881e\" data-element_type=\"widget\" data-e-type=\"widget\" data-settings=\"{&quot;navigation&quot;:&quot;both&quot;,&quot;autoplay&quot;:&quot;yes&quot;,&quot;pause_on_hover&quot;:&quot;yes&quot;,&quot;pause_on_interaction&quot;:&quot;yes&quot;,&quot;autoplay_speed&quot;:5000,&quot;infinite&quot;:&quot;yes&quot;,&quot;transition&quot;:&quot;slide&quot;,&quot;transition_speed&quot;:500}\" data-widget_type=\"slides.default\">\n\t\t\t\t<div class=\"elementor-widget-container\">\n\t\t\t\t\t\t\t<div class=\"elementor-swiper\">\n\t\t\t<div class=\"elementor-slides-wrapper elementor-main-swiper swiper-container\" dir=\"ltr\" data-animation=\"fadeInUp\">\n\t\t\t\t<div class=\"swiper-wrapper elementor-slides\">\n\t\t\t\t\t<div class=\"elementor-repeater-item-db90684 swiper-slide\"><div class=\"swiper-slide-bg elementor-ken-burns elementor-ken-burns--in\"><\/div><div class=\"swiper-slide-inner\" ><div class=\"swiper-slide-contents\"><div class=\"elementor-slide-heading\">Ohne\/Without Faux Freckles<\/div><\/div><\/div><\/div><div class=\"elementor-repeater-item-1fd963c swiper-slide\"><div class=\"swiper-slide-bg elementor-ken-burns elementor-ken-burns--in\"><\/div><div class=\"swiper-slide-inner\" ><div class=\"swiper-slide-contents\"><div class=\"elementor-slide-heading\">Faux Freckles Paket S<\/div><\/div><\/div><\/div><div class=\"elementor-repeater-item-9b7910b swiper-slide\"><div class=\"swiper-slide-bg elementor-ken-burns elementor-ken-burns--in\"><\/div><div class=\"swiper-slide-inner\" ><div class=\"swiper-slide-contents\"><div class=\"elementor-slide-heading\">Faux Freckles Paket M<\/div><\/div><\/div><\/div><div class=\"elementor-repeater-item-03e45be swiper-slide\"><div class=\"swiper-slide-bg elementor-ken-burns elementor-ken-burns--in\"><\/div><div class=\"swiper-slide-inner\" ><div class=\"swiper-slide-contents\"><div class=\"elementor-slide-heading\">Faux Freckles Paket L<\/div><\/div><\/div><\/div>\t\t\t\t<\/div>\n\t\t\t\t\t\t\t\t\t\t\t\t\t\t\t<div class=\"swiper-pagination\"><\/div>\n\t\t\t\t\t\t\t\t\t\t\t\t\t\t\t\t<div class=\"elementor-swiper-button elementor-swiper-button-prev\">\n\t\t\t\t\t\t\t<i aria-hidden=\"true\" class=\"eicon-chevron-left\"><\/i>\t\t\t\t\t\t\t<span class=\"elementor-screen-only\">Previous<\/span>\n\t\t\t\t\t\t<\/div>\n\t\t\t\t\t\t<div class=\"elementor-swiper-button elementor-swiper-button-next\">\n\t\t\t\t\t\t\t<i aria-hidden=\"true\" class=\"eicon-chevron-right\"><\/i>\t\t\t\t\t\t\t<span class=\"elementor-screen-only\">Next<\/span>\n\t\t\t\t\t\t<\/div>\n\t\t\t\t\t\t\t\t\t\t\t\t<\/div>\n\t\t<\/div>\n\t\t\t\t\t\t<\/div>\n\t\t\t\t<\/div>\n\t\t\t\t\t<\/div>\n\t\t<\/div>\n\t\t\t\t\t<\/div>\n\t\t<\/section>\n\t\t\t\t<section class=\"elementor-section elementor-top-section elementor-element elementor-element-27b016e elementor-section-boxed elementor-section-height-default elementor-section-height-default\" data-id=\"27b016e\" data-element_type=\"section\" data-e-type=\"section\">\n\t\t\t\t\t\t<div class=\"elementor-container elementor-column-gap-default\">\n\t\t\t\t\t<div class=\"elementor-column elementor-col-100 elementor-top-column elementor-element elementor-element-42f0759\" data-id=\"42f0759\" data-element_type=\"column\" data-e-type=\"column\">\n\t\t\t<div class=\"elementor-widget-wrap elementor-element-populated\">\n\t\t\t\t\t\t<div class=\"elementor-element elementor-element-59502f1 elementor-widget elementor-widget-text-editor\" data-id=\"59502f1\" data-element_type=\"widget\" data-e-type=\"widget\" data-widget_type=\"text-editor.default\">\n\t\t\t\t<div class=\"elementor-widget-container\">\n\t\t\t\t\t\t\t\t\t<p>Symbolbilder mit Hilfe von k\u00fcnstlicher Intelligenz erzeugt.<\/p>\t\t\t\t\t\t\t\t<\/div>\n\t\t\t\t<\/div>\n\t\t\t\t\t<\/div>\n\t\t<\/div>\n\t\t\t\t\t<\/div>\n\t\t<\/section>\n\t\t\t\t<\/div>\n\t\t","protected":false},"excerpt":{"rendered":"<p>Permanent Make-up Aquarell Lips \/ Powder Lips Beim Permanant Make-up werden Farbpartikel in die oberen Hautschichten eingebracht. Die Haltbarkeit betr\u00e4gt in der Regel Jahre. Danach werden die Farbpartikel wieder abgebaut und verblassen. Wir legen bei Home of Beauty gro\u00dfen Wert auf ein nat\u00fcrliches Erscheinungsbild. Sie sollen vom Ergebnis \u00fcberzeugt sein und sich mit Ihrer PMU [&hellip;]<\/p>\n","protected":false},"author":1,"featured_media":0,"parent":307,"menu_order":0,"comment_status":"closed","ping_status":"closed","template":"","meta":{"footnotes":""},"class_list":["post-293","page","type-page","status-publish","hentry"],"_links":{"self":[{"href":"https:\/\/home-of-beauty-baden-baden.de\/index.php\/wp-json\/wp\/v2\/pages\/293","targetHints":{"allow":["GET"]}}],"collection":[{"href":"https:\/\/home-of-beauty-baden-baden.de\/index.php\/wp-json\/wp\/v2\/pages"}],"about":[{"href":"https:\/\/home-of-beauty-baden-baden.de\/index.php\/wp-json\/wp\/v2\/types\/page"}],"author":[{"embeddable":true,"href":"https:\/\/home-of-beauty-baden-baden.de\/index.php\/wp-json\/wp\/v2\/users\/1"}],"replies":[{"embeddable":true,"href":"https:\/\/home-of-beauty-baden-baden.de\/index.php\/wp-json\/wp\/v2\/comments?post=293"}],"version-history":[{"count":15,"href":"https:\/\/home-of-beauty-baden-baden.de\/index.php\/wp-json\/wp\/v2\/pages\/293\/revisions"}],"predecessor-version":[{"id":982,"href":"https:\/\/home-of-beauty-baden-baden.de\/index.php\/wp-json\/wp\/v2\/pages\/293\/revisions\/982"}],"up":[{"embeddable":true,"href":"https:\/\/home-of-beauty-baden-baden.de\/index.php\/wp-json\/wp\/v2\/pages\/307"}],"wp:attachment":[{"href":"https:\/\/home-of-beauty-baden-baden.de\/index.php\/wp-json\/wp\/v2\/media?parent=293"}],"curies":[{"name":"wp","href":"https:\/\/api.w.org\/{rel}","templated":true}]}}